{"id":60,"date":"2019-12-11T22:42:12","date_gmt":"2019-12-11T22:42:12","guid":{"rendered":"https:\/\/www.jareklublin.com\/?page_id=60"},"modified":"2019-12-11T22:44:26","modified_gmt":"2019-12-11T22:44:26","slug":"nagrody","status":"publish","type":"page","link":"https:\/\/www.jareklublin.com\/index.php\/nagrody\/","title":{"rendered":"Nagrody"},"content":{"rendered":"\n<p>Skomponowa\u0142em muzyk\u0119 oraz stworzy\u0142em efekty d\u017awi\u0119kowe do wielu nagradzanych projekt\u00f3w.<\/p>\n\n\n\n<p>Kreatura 2015 \u2013 ud\u017awi\u0119kowienie nagrodzonej pracy<\/p>\n\n\n\n<p>Effie 2015 \u2013 ud\u017awi\u0119kowienie 2 nagrodzonych prac<\/p>\n\n\n\n<p>KTR 2015 \u2013 ud\u017awi\u0119kowienie 2 nagrodzonych prac<\/p>\n\n\n\n<p>Effie 2014 \u2013 ud\u017awi\u0119kowienie nagrodzonej pracy<\/p>\n\n\n\n<p>KTR 2014 \u2013 ud\u017awi\u0119kowienie 2 nagrodzonych prac<\/p>\n\n\n\n<p>KTR 2013 \u2013 ud\u017awi\u0119kowienie nagrodzonej pracy<\/p>\n\n\n\n<p>WebstarFestival 2013 \u2013 ud\u017awi\u0119kowienie 2 nagrodzonych prac<\/p>\n\n\n\n<p>WebstarFestival 2013 \u2013 ud\u017awi\u0119kowienie 2 nagrodzonych prac<\/p>\n\n\n\n<p>Media Trendy 2012 \u2013 ud\u017awi\u0119kowienie nagrodzonej pracy<\/p>\n\n\n\n<p>Kreatura 2012 \u2013 ud\u017awi\u0119kowienie 2 nagrodzonych prac<\/p>\n\n\n\n<p>FWA 2012 \u2013 ud\u017awi\u0119kowienie 2 wyr\u00f3\u017cnionych prac<\/p>\n\n\n\n<p>WebstarFestival 2011 \u2013 ud\u017awi\u0119kowienie 2 nagrodzonych prac<\/p>\n\n\n\n<p>Golden Arrow 2011 \u2013 ud\u017awi\u0119kowienie nagrodzonej pracy dla K2<\/p>\n\n\n\n<p>The Blades 2011 \u2013 ud\u017awi\u0119kowienie nagrodzonej pracy dla K2<\/p>\n\n\n\n<p>W3 Awards 2011 \u2013 ud\u017awi\u0119kowienie nagrodzonej pracy dla K2<\/p>\n\n\n\n<p>KTR 2011 \u2013 ud\u017awi\u0119kowienie 3 nagrodzonych prac<\/p>\n\n\n\n<p>Kreatura 2011 \u2013 ud\u017awi\u0119kowienie kreatury dla K2<\/p>\n\n\n\n<p>Media trendy \u2013 ud\u017awi\u0119kowienie nagrody dla K2<\/p>\n\n\n\n<p>WebstarFestival 2010 \u2013 ud\u017awi\u0119kowienie 4 nagrodzonych prac<\/p>\n\n\n\n<p>Z\u0142ote Or\u0142y 2010 \u2013 ud\u017awi\u0119kowienie 5 nagrodzonych prac<\/p>\n\n\n\n<p>KTR 2010 \u2013 ud\u017awi\u0119kowienie 3 nagrodzonych prac<\/p>\n\n\n\n<p>Kreatura 2010 \u2013 ud\u017awi\u0119kowienie kreatury dla K2<\/p>\n\n\n\n<p>Fesitwal Camerimage 2009 \u2013 muzyka do wyr\u00f3\u017cnionego filmu \u201ePani Muchomor\u201d w re\u017cyserii Paw\u0142a Tarasiewicza<\/p>\n\n\n\n<p>Z\u0142ote Or\u0142y 2009 \u2013 ud\u017awi\u0119kowienie 2 nagrodzonych prac<\/p>\n\n\n\n<p>WebstarFestival 2009 \u2013 ud\u017awi\u0119kowienie 7 nagrodzonych prac i 3 wyr\u00f3\u017cnionych<\/p>\n\n\n\n<p>Kreatura 2009 \u2013 ud\u017awi\u0119kowienie 2 nagrodzonych prac<\/p>\n\n\n\n<p>Golden Arrow 2009 \u2013 ud\u017awi\u0119kowienie nagrodzonej pracy<\/p>\n\n\n\n<p>WebstarFestival 2008 \u2013 ud\u017awi\u0119kowienia 5 nagrodzonych prac<\/p>\n\n\n\n<p>KTR 2008 \u2013 Nokia L\u2019amour \u2013 br\u0105z<\/p>\n\n\n\n<p>koncert\/zam\u00f3wienie Filharmonia \u0141\u00f3dzka \u2013 Festiwal Kolory Polski<\/p>\n\n\n\n<p>ud\u017awi\u0119kowienie \u201eZbadaj si\u0119 i rozbierz piel\u0119gniarza\u201d dla Heyah. Reklama zosta\u0142a finalist\u0105 europejskiego festiwalu reklamy Golden Drums 2004<\/p>\n\n\n\n<p>wyr\u00f3\u017cnienie na Mi\u0119dzynarodowym Konkursie Kompozytorskim emsPrize w Szwecji (2001)<\/p>\n\n\n\n<p>wyr\u00f3\u017cnienie na Konkursie Kompozytorskim w Krakowie im. A. Panufnika (2000)<\/p>\n\n\n\n<p>prezentacja kompozycji podczas Mi\u0119dzynarodowego Festiwalu Warszawska Jesie\u0144 (2002)<\/p>\n\n\n\n<p>prezentacja kompozycji podczas Mi\u0119dzynarodowego Festiwalu Elektronicznego w Bourges \u2013 Francja (2002)<\/p>\n\n\n\n<p>prezentacja kompozycji elektronicznych na falach Polskiego Radia<\/p>\n\n\n\n<p>prezentacja kompozycji na falach Deutschland Radio Berlin (2003)<\/p>\n\n\n\n<p>prezentacja kompozycji na AEC Music Prix Ars w Austrii<\/p>\n\n\n\n<p>prezentacje film\u00f3w kr\u00f3tkometra\u017cowych podczas Musica Moderna \u0141\u00f3d\u017a (2001-2003)<\/p>\n\n\n\n<p>liczne prezentacje kompozycji elektronicznych oraz przedstawie\u0144 audio \u2013 wizualnych, m.in. w Poznaniu, Warszawie, Krakowie, \u0141odzi<\/p>\n\n\n\n<p>prezentacja performance Puzzle podczas Mi\u0119dzynarodowego Festiwalu Zdarzenia \u2013 Tczew (2002) \u2013 III miejsce<\/p>\n","protected":false},"excerpt":{"rendered":"<p>Skomponowa\u0142em muzyk\u0119 oraz stworzy\u0142em efekty d\u017awi\u0119kowe do wielu nagradzanych projekt\u00f3w. Kreatura 2015 \u2013 ud\u017awi\u0119kowienie nagrodzonej pracy Effie 2015 \u2013 ud\u017awi\u0119kowienie 2 nagrodzonych prac KTR 2015 \u2013 ud\u017awi\u0119kowienie 2 nagrodzonych prac Effie 2014 \u2013 ud\u017awi\u0119kowienie nagrodzonej pracy KTR 2014 \u2013 ud\u017awi\u0119kowienie 2 nagrodzonych prac KTR 2013 \u2013 ud\u017awi\u0119kowienie nagrodzonej pracy WebstarFestival 2013 \u2013 ud\u017awi\u0119kowienie 2 nagrodzonych [&hellip;]<\/p>\n","protected":false},"author":1,"featured_media":0,"parent":0,"menu_order":0,"comment_status":"closed","ping_status":"closed","template":"","meta":{"footnotes":""},"class_list":["post-60","page","type-page","status-publish","hentry"],"_links":{"self":[{"href":"https:\/\/www.jareklublin.com\/index.php\/wp-json\/wp\/v2\/pages\/60","targetHints":{"allow":["GET"]}}],"collection":[{"href":"https:\/\/www.jareklublin.com\/index.php\/wp-json\/wp\/v2\/pages"}],"about":[{"href":"https:\/\/www.jareklublin.com\/index.php\/wp-json\/wp\/v2\/types\/page"}],"author":[{"embeddable":true,"href":"https:\/\/www.jareklublin.com\/index.php\/wp-json\/wp\/v2\/users\/1"}],"replies":[{"embeddable":true,"href":"https:\/\/www.jareklublin.com\/index.php\/wp-json\/wp\/v2\/comments?post=60"}],"version-history":[{"count":0,"href":"https:\/\/www.jareklublin.com\/index.php\/wp-json\/wp\/v2\/pages\/60\/revisions"}],"wp:attachment":[{"href":"https:\/\/www.jareklublin.com\/index.php\/wp-json\/wp\/v2\/media?parent=60"}],"curies":[{"name":"wp","href":"https:\/\/api.w.org\/{rel}","templated":true}]}}