{"id":61,"date":"2019-12-11T22:42:12","date_gmt":"2019-12-11T22:42:12","guid":{"rendered":"https:\/\/www.jareklublin.com\/?page_id=61"},"modified":"2019-12-11T22:45:36","modified_gmt":"2019-12-11T22:45:36","slug":"efekty-dzwiekowe","status":"publish","type":"page","link":"https:\/\/www.jareklublin.com\/index.php\/efekty-dzwiekowe\/","title":{"rendered":"Efekty d\u017awi\u0119kowe"},"content":{"rendered":"\n<p>Dysponuj\u0119 baz\u0105 kilkuset tysi\u0119cy efekt\u00f3w d\u017awi\u0119kowych.<\/p>\n\n\n\n<p>Je\u015bli potrzebne s\u0105 d\u017awi\u0119ki kt\u00f3rych nie mam \u2013 zarejestruj\u0119, wykreuj\u0119 i na koniec zmiksuj\u0119 potrzebne sample.<\/p>\n","protected":false},"excerpt":{"rendered":"<p>Dysponuj\u0119 baz\u0105 kilkuset tysi\u0119cy efekt\u00f3w d\u017awi\u0119kowych. Je\u015bli potrzebne s\u0105 d\u017awi\u0119ki kt\u00f3rych nie mam \u2013 zarejestruj\u0119, wykreuj\u0119 i na koniec zmiksuj\u0119 potrzebne sample.<\/p>\n","protected":false},"author":1,"featured_media":0,"parent":0,"menu_order":0,"comment_status":"closed","ping_status":"closed","template":"","meta":{"footnotes":""},"class_list":["post-61","page","type-page","status-publish","hentry"],"_links":{"self":[{"href":"https:\/\/www.jareklublin.com\/index.php\/wp-json\/wp\/v2\/pages\/61","targetHints":{"allow":["GET"]}}],"collection":[{"href":"https:\/\/www.jareklublin.com\/index.php\/wp-json\/wp\/v2\/pages"}],"about":[{"href":"https:\/\/www.jareklublin.com\/index.php\/wp-json\/wp\/v2\/types\/page"}],"author":[{"embeddable":true,"href":"https:\/\/www.jareklublin.com\/index.php\/wp-json\/wp\/v2\/users\/1"}],"replies":[{"embeddable":true,"href":"https:\/\/www.jareklublin.com\/index.php\/wp-json\/wp\/v2\/comments?post=61"}],"version-history":[{"count":0,"href":"https:\/\/www.jareklublin.com\/index.php\/wp-json\/wp\/v2\/pages\/61\/revisions"}],"wp:attachment":[{"href":"https:\/\/www.jareklublin.com\/index.php\/wp-json\/wp\/v2\/media?parent=61"}],"curies":[{"name":"wp","href":"https:\/\/api.w.org\/{rel}","templated":true}]}}