{"id":62,"date":"2019-12-11T22:42:12","date_gmt":"2019-12-11T22:42:12","guid":{"rendered":"https:\/\/www.jareklublin.com\/?page_id=62"},"modified":"2019-12-11T22:45:15","modified_gmt":"2019-12-11T22:45:15","slug":"lektorzy","status":"publish","type":"page","link":"https:\/\/www.jareklublin.com\/index.php\/lektorzy\/","title":{"rendered":"Lektorzy"},"content":{"rendered":"\n<p>Realizuj\u0119 nagrania lektorskie zar\u00f3wno online jak i w studiu projektowym w centrum Warszawy. Do Pa\u0144stwa dyspozycji s\u0105 lektorzy i aktorzy pojawiaj\u0105cy si\u0119 w 99% krajowych produkcji. Poza polskimi g\u0142osami oferuj\u0119 r\u00f3wnie\u017c nagrania g\u0142os\u00f3w native w dowolnym j\u0119zyku.<\/p>\n","protected":false},"excerpt":{"rendered":"<p>Realizuj\u0119 nagrania lektorskie zar\u00f3wno online jak i w studiu projektowym w centrum Warszawy. Do Pa\u0144stwa dyspozycji s\u0105 lektorzy i aktorzy pojawiaj\u0105cy si\u0119 w 99% krajowych produkcji. Poza polskimi g\u0142osami oferuj\u0119 r\u00f3wnie\u017c nagrania g\u0142os\u00f3w native w dowolnym j\u0119zyku.<\/p>\n","protected":false},"author":1,"featured_media":0,"parent":0,"menu_order":0,"comment_status":"closed","ping_status":"closed","template":"","meta":{"footnotes":""},"class_list":["post-62","page","type-page","status-publish","hentry"],"_links":{"self":[{"href":"https:\/\/www.jareklublin.com\/index.php\/wp-json\/wp\/v2\/pages\/62","targetHints":{"allow":["GET"]}}],"collection":[{"href":"https:\/\/www.jareklublin.com\/index.php\/wp-json\/wp\/v2\/pages"}],"about":[{"href":"https:\/\/www.jareklublin.com\/index.php\/wp-json\/wp\/v2\/types\/page"}],"author":[{"embeddable":true,"href":"https:\/\/www.jareklublin.com\/index.php\/wp-json\/wp\/v2\/users\/1"}],"replies":[{"embeddable":true,"href":"https:\/\/www.jareklublin.com\/index.php\/wp-json\/wp\/v2\/comments?post=62"}],"version-history":[{"count":0,"href":"https:\/\/www.jareklublin.com\/index.php\/wp-json\/wp\/v2\/pages\/62\/revisions"}],"wp:attachment":[{"href":"https:\/\/www.jareklublin.com\/index.php\/wp-json\/wp\/v2\/media?parent=62"}],"curies":[{"name":"wp","href":"https:\/\/api.w.org\/{rel}","templated":true}]}}